{"id":1247,"date":"2017-05-22T14:01:32","date_gmt":"2017-05-22T14:01:32","guid":{"rendered":"http:\/\/www.stsa17.org\/?page_id=1247"},"modified":"2024-07-09T13:05:43","modified_gmt":"2024-07-09T13:05:43","slug":"ogec","status":"publish","type":"page","link":"https:\/\/www.stsa17.org\/ogec\/","title":{"rendered":"OGEC"},"content":{"rendered":"<h3>OGEC<\/h3>\n<p><a href=\"https:\/\/www.stsa17.org\/wp-content\/uploads\/2022\/01\/cropped-B1FF86B4-7AA8-4312-BAD4-965DA52C96F4-scaled-1.jpeg\"><img loading=\"lazy\" decoding=\"async\" class=\"aligncenter  wp-image-2358\" src=\"https:\/\/www.stsa17.org\/wp-content\/uploads\/2022\/01\/cropped-B1FF86B4-7AA8-4312-BAD4-965DA52C96F4-scaled-1-300x30.jpeg\" alt=\"\" width=\"930\" height=\"93\" srcset=\"https:\/\/www.stsa17.org\/wp-content\/uploads\/2022\/01\/cropped-B1FF86B4-7AA8-4312-BAD4-965DA52C96F4-scaled-1-300x30.jpeg 300w, https:\/\/www.stsa17.org\/wp-content\/uploads\/2022\/01\/cropped-B1FF86B4-7AA8-4312-BAD4-965DA52C96F4-scaled-1-1024x102.jpeg 1024w, https:\/\/www.stsa17.org\/wp-content\/uploads\/2022\/01\/cropped-B1FF86B4-7AA8-4312-BAD4-965DA52C96F4-scaled-1-768x77.jpeg 768w, https:\/\/www.stsa17.org\/wp-content\/uploads\/2022\/01\/cropped-B1FF86B4-7AA8-4312-BAD4-965DA52C96F4-scaled-1-1536x154.jpeg 1536w, https:\/\/www.stsa17.org\/wp-content\/uploads\/2022\/01\/cropped-B1FF86B4-7AA8-4312-BAD4-965DA52C96F4-scaled-1.jpeg 2000w\" sizes=\"auto, (max-width: 930px) 100vw, 930px\" \/><\/a><\/p>\n<p>L\u2019OGEC (Organisme de Gestion des \u00c9coles Catholiques) en lien avec la Direction, g\u00e8re les fonds priv\u00e9s et publics des \u00e9coles et du coll\u00e8ge\u00a0: travaux, personnel non-enseignant, achats divers\u2026<\/p>\n<p><strong>Pr\u00e9sident<\/strong> : Benoit Petitgenet<\/p>\n<p><strong>Secr\u00e9taire<\/strong>\u00a0: Olivier\u00a0THOMAS<\/p>\n<p><strong>Tr\u00e9sorier<\/strong> : &#8230;&#8230;<\/p>\n<p><strong>Membres<\/strong> : Genevieve COUYADE, Virginie BILLEAUD, Pierre RAZAT , Cl\u00e9ment DARTY, Catherine MOURAUX<\/p>\n<p><strong>Membres de droit :\u00a0<\/strong>Gilles GAY (Conseiller D\u00e9partemental) Christophe GRELLIER (Directeur Dioc\u00e9sain), Guillaume DU PARC (UDOGEC), Lionel REDON (Directeur Coordinateur), Christine LALOUETTE (Directrice Primaire) Aurelie DARTY \u00a0(Pr\u00e9sidente APEL), Eric DEBODMAN ( Association Propri\u00e9taire)<\/p>\n<table style=\"height: 45px;\" width=\"709\">\n<tbody>\n<tr>\n<td style=\"text-align: center;\" width=\"154\"><strong>R\u00e9union OGEC<\/strong><\/td>\n<td style=\"text-align: center;\" width=\"154\"><strong>DATES<\/strong><\/td>\n<td style=\"text-align: center;\" width=\"154\"><strong>Ordre du jour<\/strong><\/td>\n<\/tr>\n<tr>\n<td style=\"text-align: center;\" width=\"154\">Dernier CA<\/td>\n<td style=\"text-align: center;\" width=\"154\">Lundi 27 juin 2024 \u00e0 19h00<\/td>\n<td style=\"text-align: center;\" width=\"154\"><\/td>\n<\/tr>\n<tr>\n<td style=\"text-align: center;\" width=\"154\">AG<\/td>\n<td style=\"text-align: center;\" width=\"154\">Jeudi 27 Novembre 2024 &#8211; A confirm\u00e9<\/td>\n<td style=\"text-align: center;\" width=\"154\"><\/td>\n<\/tr>\n<\/tbody>\n<\/table>\n","protected":false},"excerpt":{"rendered":"<p>OGEC L\u2019OGEC (Organisme de Gestion des \u00c9coles Catholiques) en lien avec la Direction, g\u00e8re les fonds priv\u00e9s et publics des \u00e9coles et du coll\u00e8ge\u00a0: travaux, personnel non-enseignant, achats divers\u2026 Pr\u00e9sident : Benoit Petitgenet Secr\u00e9taire\u00a0: Olivier\u00a0THOMAS Tr\u00e9sorier : &#8230;&#8230; Membres : Genevieve COUYADE, Virginie BILLEAUD, Pierre RAZAT , Cl\u00e9ment DARTY, Catherine MOURAUX Membres de droit :\u00a0Gilles [&hellip;]<\/p>\n","protected":false},"author":1,"featured_media":0,"parent":0,"menu_order":0,"comment_status":"closed","ping_status":"closed","template":"","meta":{"footnotes":""},"class_list":["post-1247","page","type-page","status-publish","hentry"],"_links":{"self":[{"href":"https:\/\/www.stsa17.org\/wp-json\/wp\/v2\/pages\/1247","targetHints":{"allow":["GET"]}}],"collection":[{"href":"https:\/\/www.stsa17.org\/wp-json\/wp\/v2\/pages"}],"about":[{"href":"https:\/\/www.stsa17.org\/wp-json\/wp\/v2\/types\/page"}],"author":[{"embeddable":true,"href":"https:\/\/www.stsa17.org\/wp-json\/wp\/v2\/users\/1"}],"replies":[{"embeddable":true,"href":"https:\/\/www.stsa17.org\/wp-json\/wp\/v2\/comments?post=1247"}],"version-history":[{"count":10,"href":"https:\/\/www.stsa17.org\/wp-json\/wp\/v2\/pages\/1247\/revisions"}],"predecessor-version":[{"id":3655,"href":"https:\/\/www.stsa17.org\/wp-json\/wp\/v2\/pages\/1247\/revisions\/3655"}],"wp:attachment":[{"href":"https:\/\/www.stsa17.org\/wp-json\/wp\/v2\/media?parent=1247"}],"curies":[{"name":"wp","href":"https:\/\/api.w.org\/{rel}","templated":true}]}}