{"id":2,"date":"2025-01-17T09:39:41","date_gmt":"2025-01-17T08:39:41","guid":{"rendered":"http:\/\/www.stsa17.org\/Voyage\/?page_id=2"},"modified":"2026-01-24T19:28:32","modified_gmt":"2026-01-24T18:28:32","slug":"page-d-exemple","status":"publish","type":"page","link":"https:\/\/www.stsa17.org\/Voyage\/","title":{"rendered":"Bienvenue"},"content":{"rendered":"\n<hr class=\"wp-block-separator has-alpha-channel-opacity\"\/>\n\n\n\n<p>Chers visiteurs,<\/p>\n\n\n\n<p>Nous sommes heureux de vous accueillir sur ce blog, sp\u00e9cialement con\u00e7u pour suivre les aventures des \u00e9l\u00e8ves du coll\u00e8ge du Saint Sacrement lors de leurs voyages scolaires. Cet espace a \u00e9t\u00e9 imagin\u00e9 pour renforcer le lien entre les \u00e9l\u00e8ves, les enseignants, et vous, les parents, en partageant les moments forts de ces escapades enrichissantes.<\/p>\n\n\n\n<h3 class=\"wp-block-heading\">Pourquoi ce blog ?<\/h3>\n\n\n\n<p>Les voyages scolaires sont bien plus qu\u2019un simple d\u00e9placement. Ils offrent \u00e0 nos \u00e9l\u00e8ves une ouverture sur le monde, des d\u00e9couvertes culturelles, et des apprentissages pratiques en dehors des murs de la classe. Ce blog a pour objectif de :<\/p>\n\n\n\n<ul class=\"wp-block-list\">\n<li>Vous permettre de suivre au jour le jour leurs d\u00e9couvertes.<\/li>\n\n\n\n<li>Partager des photos, des r\u00e9cits, et des anecdotes marquantes.<\/li>\n\n\n\n<li>T\u00e9moigner de l\u2019enrichissement p\u00e9dagogique et humain de ces exp\u00e9riences.<\/li>\n<\/ul>\n\n\n\n<h3 class=\"wp-block-heading\">Ce que vous trouverez ici<\/h3>\n\n\n\n<ul class=\"wp-block-list\">\n<li><strong>Des journaux de bord<\/strong> : des articles r\u00e9guliers sur chaque \u00e9tape du voyage.<\/li>\n\n\n\n<li><strong>Des galeries photos<\/strong> : des instants captur\u00e9s pour revivre leurs moments marquants.<\/li>\n\n\n\n<li><strong>Des t\u00e9moignages<\/strong> : des mots des \u00e9l\u00e8ves ou des enseignants pour raconter leurs ressentis.<\/li>\n<\/ul>\n\n\n\n<h3 class=\"wp-block-heading\">Nos engagements<\/h3>\n\n\n\n<p>Nous veillerons \u00e0 publier r\u00e9guli\u00e8rement des contenus dans le respect de la vie priv\u00e9e de vos enfants et \u00e0 mod\u00e9rer toutes les interactions pour que cet espace reste un lieu convivial et bienveillant.<\/p>\n\n\n\n<h3 class=\"wp-block-heading\">Une citation pour commencer<\/h3>\n\n\n\n<p><em>\u00ab\u00a0Le monde est un livre, et ceux qui ne voyagent pas n&rsquo;en lisent qu&rsquo;une page.\u00a0\u00bb<\/em> \u2013 Saint Augustin<\/p>\n\n\n\n<p>Nous esp\u00e9rons que ce blog deviendra pour vous une fen\u00eatre ouverte sur les magnifiques aventures de vos enfants.<\/p>\n\n\n\n<p>Bonne lecture et \u00e0 tr\u00e8s bient\u00f4t pour le r\u00e9cit de leurs premi\u00e8res d\u00e9couvertes !<\/p>\n\n\n\n<p>L\u2019\u00e9quipe du coll\u00e8ge du Saint Sacrement<\/p>\n\n\n\n<hr class=\"wp-block-separator has-alpha-channel-opacity\"\/>\n","protected":false},"excerpt":{"rendered":"<p>Chers visiteurs, Nous sommes heureux de vous accueillir sur ce blog, sp\u00e9cialement con\u00e7u pour suivre les aventures des \u00e9l\u00e8ves du coll\u00e8ge du Saint Sacrement lors de leurs voyages scolaires. Cet&hellip;<\/p>\n","protected":false},"author":1,"featured_media":0,"parent":0,"menu_order":0,"comment_status":"closed","ping_status":"open","template":"","meta":{"footnotes":""},"class_list":["post-2","page","type-page","status-publish","hentry"],"_links":{"self":[{"href":"https:\/\/www.stsa17.org\/Voyage\/index.php\/wp-json\/wp\/v2\/pages\/2","targetHints":{"allow":["GET"]}}],"collection":[{"href":"https:\/\/www.stsa17.org\/Voyage\/index.php\/wp-json\/wp\/v2\/pages"}],"about":[{"href":"https:\/\/www.stsa17.org\/Voyage\/index.php\/wp-json\/wp\/v2\/types\/page"}],"author":[{"embeddable":true,"href":"https:\/\/www.stsa17.org\/Voyage\/index.php\/wp-json\/wp\/v2\/users\/1"}],"replies":[{"embeddable":true,"href":"https:\/\/www.stsa17.org\/Voyage\/index.php\/wp-json\/wp\/v2\/comments?post=2"}],"version-history":[{"count":2,"href":"https:\/\/www.stsa17.org\/Voyage\/index.php\/wp-json\/wp\/v2\/pages\/2\/revisions"}],"predecessor-version":[{"id":30,"href":"https:\/\/www.stsa17.org\/Voyage\/index.php\/wp-json\/wp\/v2\/pages\/2\/revisions\/30"}],"wp:attachment":[{"href":"https:\/\/www.stsa17.org\/Voyage\/index.php\/wp-json\/wp\/v2\/media?parent=2"}],"curies":[{"name":"wp","href":"https:\/\/api.w.org\/{rel}","templated":true}]}}